{"id":833,"date":"2023-02-09T13:21:20","date_gmt":"2023-02-09T13:21:20","guid":{"rendered":"https:\/\/xstore.8theme.com\/elementor2\/industrial-power-tools\/?post_type=product&#038;p=833"},"modified":"2023-04-07T23:07:34","modified_gmt":"2023-04-08T04:07:34","slug":"cloruro-de-magnesio-con-biotina","status":"publish","type":"product","link":"https:\/\/suplementosvitalfitness.com\/index.php\/product\/cloruro-de-magnesio-con-biotina\/","title":{"rendered":"Cloruro de Magnesio con biotina"},"content":{"rendered":"<p>El cloruro de magnesio sirve para fortalecer el sistema inmunol\u00f3gico y para obtener un correcto equilibrio, funciona como regulador del organismo y es fundamental para la obtenci\u00f3n de energ\u00eda.<\/p>\n","protected":false},"excerpt":{"rendered":"<p>Es importante destacar que el cloruro de magnesio en los deportistas adquiere mucha importancia, ya que aporta energ\u00eda y les ayuda a evitar lesiones musculares. Es por eso que, los deportistas, introducen en su dieta vitaminas y minerales que contribuyen a mejorar el rendimiento deportivo.<\/p>\n<p><img decoding=\"async\" loading=\"lazy\" class=\"alignnone size-full wp-image-756\" src=\"https:\/\/xstore.8theme.com\/elementor2\/industrial-power-tools\/wp-content\/uploads\/sites\/6\/2023\/02\/Arrow.jpeg\" alt=\"\" width=\"12\" height=\"12\" \/> Mejora la energ\u00eda.<br \/>\n<img decoding=\"async\" loading=\"lazy\" class=\"alignnone size-full wp-image-756\" src=\"https:\/\/xstore.8theme.com\/elementor2\/industrial-power-tools\/wp-content\/uploads\/sites\/6\/2023\/02\/Arrow.jpeg\" alt=\"\" width=\"12\" height=\"12\" \/> Ayuda a prevenir problemas de pr\u00f3stata.<br \/>\n<img decoding=\"async\" loading=\"lazy\" class=\"alignnone size-full wp-image-756\" src=\"https:\/\/xstore.8theme.com\/elementor2\/industrial-power-tools\/wp-content\/uploads\/sites\/6\/2023\/02\/Arrow.jpeg\" alt=\"\" width=\"12\" height=\"12\" \/> Equilibra el PH de la sangre.<br \/>\n<img decoding=\"async\" loading=\"lazy\" class=\"alignnone size-full wp-image-756\" src=\"https:\/\/xstore.8theme.com\/elementor2\/industrial-power-tools\/wp-content\/uploads\/sites\/6\/2023\/02\/Arrow.jpeg\" alt=\"\" width=\"12\" height=\"12\" \/> Ayuda a prevenir lesiones musculares.<br \/>\n<img decoding=\"async\" loading=\"lazy\" class=\"alignnone size-full wp-image-756\" src=\"https:\/\/xstore.8theme.com\/elementor2\/industrial-power-tools\/wp-content\/uploads\/sites\/6\/2023\/02\/Arrow.jpeg\" alt=\"\" width=\"12\" height=\"12\" \/> Previene la formaci\u00f3n de c\u00e1lculos renales.<br \/>\n<img decoding=\"async\" loading=\"lazy\" class=\"alignnone size-full wp-image-756\" src=\"https:\/\/xstore.8theme.com\/elementor2\/industrial-power-tools\/wp-content\/uploads\/sites\/6\/2023\/02\/Arrow.jpeg\" alt=\"\" width=\"12\" height=\"12\" \/> Favorece un correcto funcionamiento cardiovascular.<\/p>\n<p>Es importante destacar que el cloruro de magnesio en los deportistas adquiere mucha importancia, ya que aporta energ\u00eda y les ayuda a evitar lesiones musculares. Es por eso que, los deportistas, introducen en su dieta vitaminas y minerales que contribuyen a mejorar el rendimiento deportivo.<\/p>\n","protected":false},"featured_media":1803,"comment_status":"open","ping_status":"closed","template":"","meta":{"_monsterinsights_skip_tracking":false,"_monsterinsights_sitenote_active":false,"_monsterinsights_sitenote_note":"","_monsterinsights_sitenote_category":0,"_uf_show_specific_survey":0,"_uf_disable_surveys":false},"etheme_brands":[],"product_cat":[30,34,36],"product_tag":[],"aioseo_notices":[],"yoast_head":"<!-- This site is optimized with the Yoast SEO plugin v21.1 - https:\/\/yoast.com\/wordpress\/plugins\/seo\/ -->\n<title>Cloruro de Magnesio con biotina - suplementosvitalfitness.com<\/title>\n<meta name=\"robots\" content=\"index, follow, max-snippet:-1, max-image-preview:large, max-video-preview:-1\" \/>\n<link rel=\"canonical\" href=\"https:\/\/suplementosvitalfitness.com\/index.php\/product\/cloruro-de-magnesio-con-biotina\/\" \/>\n<meta property=\"og:locale\" content=\"es_ES\" \/>\n<meta property=\"og:type\" content=\"article\" \/>\n<meta property=\"og:title\" content=\"Cloruro de Magnesio con biotina - suplementosvitalfitness.com\" \/>\n<meta property=\"og:description\" content=\"Es importante destacar que el cloruro de magnesio en los deportistas adquiere mucha importancia, ya que aporta energ\u00eda y les ayuda a evitar lesiones musculares. Es por eso que, los deportistas, introducen en su dieta vitaminas y minerales que contribuyen a mejorar el rendimiento deportivo.   Mejora la energ\u00eda.  Ayuda a prevenir problemas de pr\u00f3stata.  Equilibra el PH de la sangre.  Ayuda a prevenir lesiones musculares.  Previene la formaci\u00f3n de c\u00e1lculos renales.  Favorece un correcto funcionamiento cardiovascular.  Es importante destacar que el cloruro de magnesio en los deportistas adquiere mucha importancia, ya que aporta energ\u00eda y les ayuda a evitar lesiones musculares. Es por eso que, los deportistas, introducen en su dieta vitaminas y minerales que contribuyen a mejorar el rendimiento deportivo.\" \/>\n<meta property=\"og:url\" content=\"https:\/\/suplementosvitalfitness.com\/index.php\/product\/cloruro-de-magnesio-con-biotina\/\" \/>\n<meta property=\"og:site_name\" content=\"suplementosvitalfitness.com\" \/>\n<meta property=\"article:modified_time\" content=\"2023-04-08T04:07:34+00:00\" \/>\n<meta property=\"og:image\" content=\"http:\/\/suplementosvitalfitness.com\/wp-content\/uploads\/2023\/02\/cloruro.jpg\" \/>\n\t<meta property=\"og:image:width\" content=\"1200\" \/>\n\t<meta property=\"og:image:height\" content=\"1200\" \/>\n\t<meta property=\"og:image:type\" content=\"image\/jpeg\" \/>\n<meta name=\"twitter:card\" content=\"summary_large_image\" \/>\n<meta name=\"twitter:label1\" content=\"Tiempo estimado de lectura\" \/>\n\t<meta name=\"twitter:data1\" content=\"1 minuto\" \/>\n<script type=\"application\/ld+json\" class=\"yoast-schema-graph\">{\"@context\":\"https:\/\/schema.org\",\"@graph\":[{\"@type\":\"WebPage\",\"@id\":\"https:\/\/suplementosvitalfitness.com\/index.php\/product\/cloruro-de-magnesio-con-biotina\/\",\"url\":\"https:\/\/suplementosvitalfitness.com\/index.php\/product\/cloruro-de-magnesio-con-biotina\/\",\"name\":\"Cloruro de Magnesio con biotina - suplementosvitalfitness.com\",\"isPartOf\":{\"@id\":\"https:\/\/suplementosvitalfitness.com\/#website\"},\"datePublished\":\"2023-02-09T13:21:20+00:00\",\"dateModified\":\"2023-04-08T04:07:34+00:00\",\"breadcrumb\":{\"@id\":\"https:\/\/suplementosvitalfitness.com\/index.php\/product\/cloruro-de-magnesio-con-biotina\/#breadcrumb\"},\"inLanguage\":\"es-CO\",\"potentialAction\":[{\"@type\":\"ReadAction\",\"target\":[\"https:\/\/suplementosvitalfitness.com\/index.php\/product\/cloruro-de-magnesio-con-biotina\/\"]}]},{\"@type\":\"BreadcrumbList\",\"@id\":\"https:\/\/suplementosvitalfitness.com\/index.php\/product\/cloruro-de-magnesio-con-biotina\/#breadcrumb\",\"itemListElement\":[{\"@type\":\"ListItem\",\"position\":1,\"name\":\"Inicio\",\"item\":\"https:\/\/suplementosvitalfitness.com\/\"},{\"@type\":\"ListItem\",\"position\":2,\"name\":\"Shop\",\"item\":\"https:\/\/suplementosvitalfitness.com\/index.php\/shop\/\"},{\"@type\":\"ListItem\",\"position\":3,\"name\":\"Cloruro de Magnesio con biotina\"}]},{\"@type\":\"WebSite\",\"@id\":\"https:\/\/suplementosvitalfitness.com\/#website\",\"url\":\"https:\/\/suplementosvitalfitness.com\/\",\"name\":\"suplementosvitalfitness.com\",\"description\":\"\",\"potentialAction\":[{\"@type\":\"SearchAction\",\"target\":{\"@type\":\"EntryPoint\",\"urlTemplate\":\"https:\/\/suplementosvitalfitness.com\/?s={search_term_string}\"},\"query-input\":\"required name=search_term_string\"}],\"inLanguage\":\"es-CO\"}]}<\/script>\n<!-- \/ Yoast SEO plugin. -->","yoast_head_json":{"title":"Cloruro de Magnesio con biotina - suplementosvitalfitness.com","robots":{"index":"index","follow":"follow","max-snippet":"max-snippet:-1","max-image-preview":"max-image-preview:large","max-video-preview":"max-video-preview:-1"},"canonical":"https:\/\/suplementosvitalfitness.com\/index.php\/product\/cloruro-de-magnesio-con-biotina\/","og_locale":"es_ES","og_type":"article","og_title":"Cloruro de Magnesio con biotina - suplementosvitalfitness.com","og_description":"Es importante destacar que el cloruro de magnesio en los deportistas adquiere mucha importancia, ya que aporta energ\u00eda y les ayuda a evitar lesiones musculares. Es por eso que, los deportistas, introducen en su dieta vitaminas y minerales que contribuyen a mejorar el rendimiento deportivo.   Mejora la energ\u00eda.  Ayuda a prevenir problemas de pr\u00f3stata.  Equilibra el PH de la sangre.  Ayuda a prevenir lesiones musculares.  Previene la formaci\u00f3n de c\u00e1lculos renales.  Favorece un correcto funcionamiento cardiovascular.  Es importante destacar que el cloruro de magnesio en los deportistas adquiere mucha importancia, ya que aporta energ\u00eda y les ayuda a evitar lesiones musculares. Es por eso que, los deportistas, introducen en su dieta vitaminas y minerales que contribuyen a mejorar el rendimiento deportivo.","og_url":"https:\/\/suplementosvitalfitness.com\/index.php\/product\/cloruro-de-magnesio-con-biotina\/","og_site_name":"suplementosvitalfitness.com","article_modified_time":"2023-04-08T04:07:34+00:00","og_image":[{"width":1200,"height":1200,"url":"http:\/\/suplementosvitalfitness.com\/wp-content\/uploads\/2023\/02\/cloruro.jpg","type":"image\/jpeg"}],"twitter_card":"summary_large_image","twitter_misc":{"Tiempo estimado de lectura":"1 minuto"},"schema":{"@context":"https:\/\/schema.org","@graph":[{"@type":"WebPage","@id":"https:\/\/suplementosvitalfitness.com\/index.php\/product\/cloruro-de-magnesio-con-biotina\/","url":"https:\/\/suplementosvitalfitness.com\/index.php\/product\/cloruro-de-magnesio-con-biotina\/","name":"Cloruro de Magnesio con biotina - suplementosvitalfitness.com","isPartOf":{"@id":"https:\/\/suplementosvitalfitness.com\/#website"},"datePublished":"2023-02-09T13:21:20+00:00","dateModified":"2023-04-08T04:07:34+00:00","breadcrumb":{"@id":"https:\/\/suplementosvitalfitness.com\/index.php\/product\/cloruro-de-magnesio-con-biotina\/#breadcrumb"},"inLanguage":"es-CO","potentialAction":[{"@type":"ReadAction","target":["https:\/\/suplementosvitalfitness.com\/index.php\/product\/cloruro-de-magnesio-con-biotina\/"]}]},{"@type":"BreadcrumbList","@id":"https:\/\/suplementosvitalfitness.com\/index.php\/product\/cloruro-de-magnesio-con-biotina\/#breadcrumb","itemListElement":[{"@type":"ListItem","position":1,"name":"Inicio","item":"https:\/\/suplementosvitalfitness.com\/"},{"@type":"ListItem","position":2,"name":"Shop","item":"https:\/\/suplementosvitalfitness.com\/index.php\/shop\/"},{"@type":"ListItem","position":3,"name":"Cloruro de Magnesio con biotina"}]},{"@type":"WebSite","@id":"https:\/\/suplementosvitalfitness.com\/#website","url":"https:\/\/suplementosvitalfitness.com\/","name":"suplementosvitalfitness.com","description":"","potentialAction":[{"@type":"SearchAction","target":{"@type":"EntryPoint","urlTemplate":"https:\/\/suplementosvitalfitness.com\/?s={search_term_string}"},"query-input":"required name=search_term_string"}],"inLanguage":"es-CO"}]}},"_links":{"self":[{"href":"https:\/\/suplementosvitalfitness.com\/index.php\/wp-json\/wp\/v2\/product\/833"}],"collection":[{"href":"https:\/\/suplementosvitalfitness.com\/index.php\/wp-json\/wp\/v2\/product"}],"about":[{"href":"https:\/\/suplementosvitalfitness.com\/index.php\/wp-json\/wp\/v2\/types\/product"}],"replies":[{"embeddable":true,"href":"https:\/\/suplementosvitalfitness.com\/index.php\/wp-json\/wp\/v2\/comments?post=833"}],"version-history":[{"count":2,"href":"https:\/\/suplementosvitalfitness.com\/index.php\/wp-json\/wp\/v2\/product\/833\/revisions"}],"predecessor-version":[{"id":1805,"href":"https:\/\/suplementosvitalfitness.com\/index.php\/wp-json\/wp\/v2\/product\/833\/revisions\/1805"}],"wp:featuredmedia":[{"embeddable":true,"href":"https:\/\/suplementosvitalfitness.com\/index.php\/wp-json\/wp\/v2\/media\/1803"}],"wp:attachment":[{"href":"https:\/\/suplementosvitalfitness.com\/index.php\/wp-json\/wp\/v2\/media?parent=833"}],"wp:term":[{"taxonomy":"brand","embeddable":true,"href":"https:\/\/suplementosvitalfitness.com\/index.php\/wp-json\/wp\/v2\/etheme_brands?post=833"},{"taxonomy":"product_cat","embeddable":true,"href":"https:\/\/suplementosvitalfitness.com\/index.php\/wp-json\/wp\/v2\/product_cat?post=833"},{"taxonomy":"product_tag","embeddable":true,"href":"https:\/\/suplementosvitalfitness.com\/index.php\/wp-json\/wp\/v2\/product_tag?post=833"}],"curies":[{"name":"wp","href":"https:\/\/api.w.org\/{rel}","templated":true}]}}