{"id":832,"date":"2023-02-09T13:21:18","date_gmt":"2023-02-09T18:21:18","guid":{"rendered":"https:\/\/xstore.8theme.com\/elementor2\/industrial-power-tools\/?post_type=product&#038;p=832"},"modified":"2025-03-06T08:12:33","modified_gmt":"2025-03-06T13:12:33","slug":"creatina-monohidratada-de-60-servicios","status":"publish","type":"product","link":"https:\/\/suplementosvitalfitness.com\/index.php\/product\/creatina-monohidratada-de-60-servicios\/","title":{"rendered":"Creatina monohidratada de 60 servicios"},"content":{"rendered":"<p>La creatina monohidratada o monohidrato de creatina es una presentaci\u00f3n de creatina de f\u00e1cil absorci\u00f3n y que es estable, segura y efectiva como suplementaci\u00f3n deportiva y dietaria.<br \/>\nLa principal funci\u00f3n de la creatina es la de aportar mayor energ\u00eda a los m\u00fasculos para as\u00ed lograr un mejor rendimiento f\u00edsico y ganar masa muscular con m\u00e1s rapidez. Esto te ayudar\u00e1 a lograr tus objetivos fitness con mayor facilidad y en menos tiempo.<\/p>\n<p>Tanto en hombres como en mujeres las creatinas haran que tus m\u00fasculos se recuperen de forma m\u00e1s inmediata y ayudar\u00e1 a prevenir lesiones y el envejecimiento muscular.<\/p>\n","protected":false},"excerpt":{"rendered":"<p><img decoding=\"async\" loading=\"lazy\" class=\"alignnone size-full wp-image-756\" src=\"https:\/\/xstore.8theme.com\/elementor2\/industrial-power-tools\/wp-content\/uploads\/sites\/6\/2023\/02\/Arrow.jpeg\" alt=\"\" width=\"12\" height=\"12\" \/> Llevala con 2 sobres de bebida pre entreno<br \/>\n<img decoding=\"async\" loading=\"lazy\" class=\"alignnone size-full wp-image-756\" src=\"https:\/\/xstore.8theme.com\/elementor2\/industrial-power-tools\/wp-content\/uploads\/sites\/6\/2023\/02\/Arrow.jpeg\" alt=\"\" width=\"12\" height=\"12\" \/> 60 servicios<br \/>\n<img decoding=\"async\" loading=\"lazy\" class=\"alignnone size-full wp-image-756\" src=\"https:\/\/xstore.8theme.com\/elementor2\/industrial-power-tools\/wp-content\/uploads\/sites\/6\/2023\/02\/Arrow.jpeg\" alt=\"\" width=\"12\" height=\"12\" \/> 5 gramos por servicio<br \/>\n<img decoding=\"async\" loading=\"lazy\" class=\"alignnone size-full wp-image-756\" src=\"https:\/\/xstore.8theme.com\/elementor2\/industrial-power-tools\/wp-content\/uploads\/sites\/6\/2023\/02\/Arrow.jpeg\" alt=\"\" width=\"12\" height=\"12\" \/> Materias primas importadas.<\/p>\n","protected":false},"featured_media":2477,"comment_status":"open","ping_status":"closed","template":"","meta":{"_monsterinsights_skip_tracking":false,"_monsterinsights_sitenote_active":false,"_monsterinsights_sitenote_note":"","_monsterinsights_sitenote_category":0,"_uf_show_specific_survey":0,"_uf_disable_surveys":false},"etheme_brands":[],"product_cat":[39,30,36],"product_tag":[31,38,27,35],"aioseo_notices":[],"yoast_head":"<!-- This site is optimized with the Yoast SEO plugin v21.1 - https:\/\/yoast.com\/wordpress\/plugins\/seo\/ -->\n<title>Creatina monohidratada de 60 servicios - suplementosvitalfitness.com<\/title>\n<meta name=\"robots\" content=\"index, follow, max-snippet:-1, max-image-preview:large, max-video-preview:-1\" \/>\n<link rel=\"canonical\" href=\"https:\/\/suplementosvitalfitness.com\/index.php\/product\/creatina-monohidratada-de-60-servicios\/\" \/>\n<meta property=\"og:locale\" content=\"es_ES\" \/>\n<meta property=\"og:type\" content=\"article\" \/>\n<meta property=\"og:title\" content=\"Creatina monohidratada de 60 servicios - suplementosvitalfitness.com\" \/>\n<meta property=\"og:description\" content=\"Llevala con 2 sobres de bebida pre entreno  60 servicios  5 gramos por servicio  Materias primas importadas.\" \/>\n<meta property=\"og:url\" content=\"https:\/\/suplementosvitalfitness.com\/index.php\/product\/creatina-monohidratada-de-60-servicios\/\" \/>\n<meta property=\"og:site_name\" content=\"suplementosvitalfitness.com\" \/>\n<meta property=\"article:modified_time\" content=\"2025-03-06T13:12:33+00:00\" \/>\n<meta property=\"og:image\" content=\"http:\/\/suplementosvitalfitness.com\/wp-content\/uploads\/2023\/02\/creatina-azul.jpg\" \/>\n\t<meta property=\"og:image:width\" content=\"1200\" \/>\n\t<meta property=\"og:image:height\" content=\"1200\" \/>\n\t<meta property=\"og:image:type\" content=\"image\/jpeg\" \/>\n<meta name=\"twitter:card\" content=\"summary_large_image\" \/>\n<meta name=\"twitter:label1\" content=\"Tiempo estimado de lectura\" \/>\n\t<meta name=\"twitter:data1\" content=\"1 minuto\" \/>\n<script type=\"application\/ld+json\" class=\"yoast-schema-graph\">{\"@context\":\"https:\/\/schema.org\",\"@graph\":[{\"@type\":\"WebPage\",\"@id\":\"https:\/\/suplementosvitalfitness.com\/index.php\/product\/creatina-monohidratada-de-60-servicios\/\",\"url\":\"https:\/\/suplementosvitalfitness.com\/index.php\/product\/creatina-monohidratada-de-60-servicios\/\",\"name\":\"Creatina monohidratada de 60 servicios - suplementosvitalfitness.com\",\"isPartOf\":{\"@id\":\"https:\/\/suplementosvitalfitness.com\/#website\"},\"datePublished\":\"2023-02-09T18:21:18+00:00\",\"dateModified\":\"2025-03-06T13:12:33+00:00\",\"breadcrumb\":{\"@id\":\"https:\/\/suplementosvitalfitness.com\/index.php\/product\/creatina-monohidratada-de-60-servicios\/#breadcrumb\"},\"inLanguage\":\"es-CO\",\"potentialAction\":[{\"@type\":\"ReadAction\",\"target\":[\"https:\/\/suplementosvitalfitness.com\/index.php\/product\/creatina-monohidratada-de-60-servicios\/\"]}]},{\"@type\":\"BreadcrumbList\",\"@id\":\"https:\/\/suplementosvitalfitness.com\/index.php\/product\/creatina-monohidratada-de-60-servicios\/#breadcrumb\",\"itemListElement\":[{\"@type\":\"ListItem\",\"position\":1,\"name\":\"Inicio\",\"item\":\"https:\/\/suplementosvitalfitness.com\/\"},{\"@type\":\"ListItem\",\"position\":2,\"name\":\"Shop\",\"item\":\"https:\/\/suplementosvitalfitness.com\/index.php\/shop\/\"},{\"@type\":\"ListItem\",\"position\":3,\"name\":\"Creatina monohidratada de 60 servicios\"}]},{\"@type\":\"WebSite\",\"@id\":\"https:\/\/suplementosvitalfitness.com\/#website\",\"url\":\"https:\/\/suplementosvitalfitness.com\/\",\"name\":\"suplementosvitalfitness.com\",\"description\":\"\",\"potentialAction\":[{\"@type\":\"SearchAction\",\"target\":{\"@type\":\"EntryPoint\",\"urlTemplate\":\"https:\/\/suplementosvitalfitness.com\/?s={search_term_string}\"},\"query-input\":\"required name=search_term_string\"}],\"inLanguage\":\"es-CO\"}]}<\/script>\n<!-- \/ Yoast SEO plugin. -->","yoast_head_json":{"title":"Creatina monohidratada de 60 servicios - suplementosvitalfitness.com","robots":{"index":"index","follow":"follow","max-snippet":"max-snippet:-1","max-image-preview":"max-image-preview:large","max-video-preview":"max-video-preview:-1"},"canonical":"https:\/\/suplementosvitalfitness.com\/index.php\/product\/creatina-monohidratada-de-60-servicios\/","og_locale":"es_ES","og_type":"article","og_title":"Creatina monohidratada de 60 servicios - suplementosvitalfitness.com","og_description":"Llevala con 2 sobres de bebida pre entreno  60 servicios  5 gramos por servicio  Materias primas importadas.","og_url":"https:\/\/suplementosvitalfitness.com\/index.php\/product\/creatina-monohidratada-de-60-servicios\/","og_site_name":"suplementosvitalfitness.com","article_modified_time":"2025-03-06T13:12:33+00:00","og_image":[{"width":1200,"height":1200,"url":"http:\/\/suplementosvitalfitness.com\/wp-content\/uploads\/2023\/02\/creatina-azul.jpg","type":"image\/jpeg"}],"twitter_card":"summary_large_image","twitter_misc":{"Tiempo estimado de lectura":"1 minuto"},"schema":{"@context":"https:\/\/schema.org","@graph":[{"@type":"WebPage","@id":"https:\/\/suplementosvitalfitness.com\/index.php\/product\/creatina-monohidratada-de-60-servicios\/","url":"https:\/\/suplementosvitalfitness.com\/index.php\/product\/creatina-monohidratada-de-60-servicios\/","name":"Creatina monohidratada de 60 servicios - suplementosvitalfitness.com","isPartOf":{"@id":"https:\/\/suplementosvitalfitness.com\/#website"},"datePublished":"2023-02-09T18:21:18+00:00","dateModified":"2025-03-06T13:12:33+00:00","breadcrumb":{"@id":"https:\/\/suplementosvitalfitness.com\/index.php\/product\/creatina-monohidratada-de-60-servicios\/#breadcrumb"},"inLanguage":"es-CO","potentialAction":[{"@type":"ReadAction","target":["https:\/\/suplementosvitalfitness.com\/index.php\/product\/creatina-monohidratada-de-60-servicios\/"]}]},{"@type":"BreadcrumbList","@id":"https:\/\/suplementosvitalfitness.com\/index.php\/product\/creatina-monohidratada-de-60-servicios\/#breadcrumb","itemListElement":[{"@type":"ListItem","position":1,"name":"Inicio","item":"https:\/\/suplementosvitalfitness.com\/"},{"@type":"ListItem","position":2,"name":"Shop","item":"https:\/\/suplementosvitalfitness.com\/index.php\/shop\/"},{"@type":"ListItem","position":3,"name":"Creatina monohidratada de 60 servicios"}]},{"@type":"WebSite","@id":"https:\/\/suplementosvitalfitness.com\/#website","url":"https:\/\/suplementosvitalfitness.com\/","name":"suplementosvitalfitness.com","description":"","potentialAction":[{"@type":"SearchAction","target":{"@type":"EntryPoint","urlTemplate":"https:\/\/suplementosvitalfitness.com\/?s={search_term_string}"},"query-input":"required name=search_term_string"}],"inLanguage":"es-CO"}]}},"_links":{"self":[{"href":"https:\/\/suplementosvitalfitness.com\/index.php\/wp-json\/wp\/v2\/product\/832"}],"collection":[{"href":"https:\/\/suplementosvitalfitness.com\/index.php\/wp-json\/wp\/v2\/product"}],"about":[{"href":"https:\/\/suplementosvitalfitness.com\/index.php\/wp-json\/wp\/v2\/types\/product"}],"replies":[{"embeddable":true,"href":"https:\/\/suplementosvitalfitness.com\/index.php\/wp-json\/wp\/v2\/comments?post=832"}],"version-history":[{"count":3,"href":"https:\/\/suplementosvitalfitness.com\/index.php\/wp-json\/wp\/v2\/product\/832\/revisions"}],"predecessor-version":[{"id":1987,"href":"https:\/\/suplementosvitalfitness.com\/index.php\/wp-json\/wp\/v2\/product\/832\/revisions\/1987"}],"wp:featuredmedia":[{"embeddable":true,"href":"https:\/\/suplementosvitalfitness.com\/index.php\/wp-json\/wp\/v2\/media\/2477"}],"wp:attachment":[{"href":"https:\/\/suplementosvitalfitness.com\/index.php\/wp-json\/wp\/v2\/media?parent=832"}],"wp:term":[{"taxonomy":"brand","embeddable":true,"href":"https:\/\/suplementosvitalfitness.com\/index.php\/wp-json\/wp\/v2\/etheme_brands?post=832"},{"taxonomy":"product_cat","embeddable":true,"href":"https:\/\/suplementosvitalfitness.com\/index.php\/wp-json\/wp\/v2\/product_cat?post=832"},{"taxonomy":"product_tag","embeddable":true,"href":"https:\/\/suplementosvitalfitness.com\/index.php\/wp-json\/wp\/v2\/product_tag?post=832"}],"curies":[{"name":"wp","href":"https:\/\/api.w.org\/{rel}","templated":true}]}}