{"id":2439,"date":"2024-11-18T16:21:19","date_gmt":"2024-11-18T21:21:19","guid":{"rendered":"https:\/\/suplementosvitalfitness.com\/?post_type=product&#038;p=2439"},"modified":"2026-02-24T17:47:35","modified_gmt":"2026-02-24T22:47:35","slug":"proteina-mega-max-gainer-de-6-libras","status":"publish","type":"product","link":"https:\/\/suplementosvitalfitness.com\/index.php\/product\/proteina-mega-max-gainer-de-6-libras\/","title":{"rendered":"Prote\u00edna Mega Max Gainer de 6 libras"},"content":{"rendered":"<p data-start=\"561\" data-end=\"1055\"><strong data-start=\"588\" data-end=\"635\">1. F\u00f3rmula Hipercal\u00f3rica y Efecto Anab\u00f3lico<\/strong><br data-start=\"635\" data-end=\"638\" \/>Mega Max 6 lbs combina una carga cal\u00f3rica y proteica elevadas, ideales para establecer un super\u00e1vit energ\u00e9tico que favorezca la r\u00e1pida ganancia de masa muscular. El aporte de <strong data-start=\"813\" data-end=\"833\">88 g de prote\u00edna<\/strong>, <strong data-start=\"835\" data-end=\"851\">937 calor\u00edas<\/strong>, <strong data-start=\"853\" data-end=\"879\">144 g de carbohidratos<\/strong> y <strong data-start=\"882\" data-end=\"900\">37 g de BCAA\u2019s<\/strong> por porci\u00f3n completa (2 scoops) crea un entorno anab\u00f3lico \u00f3ptimo para maximizar la s\u00edntesis de prote\u00ednas y acelerar la recuperaci\u00f3n tras el entrenamiento.<\/p>\n<p data-start=\"1057\" data-end=\"1289\"><strong data-start=\"1057\" data-end=\"1088\">2. Flexibilidad en la Dosis<\/strong><br data-start=\"1088\" data-end=\"1091\" \/>Este producto rinde 8 servicios con la porci\u00f3n completa, pero si tu objetivo es controlar la ingesta cal\u00f3rica o prolongar los d\u00edas de uso, puedes optar por medio servicio (1 scoop). As\u00ed, obtienes:<\/p>\n<ul data-start=\"1290\" data-end=\"1580\">\n<li data-start=\"1290\" data-end=\"1378\"><strong data-start=\"1292\" data-end=\"1312\">44 g de prote\u00edna<\/strong> (la mitad de la dosis total, pero a\u00fan un aporte significativo).<\/li>\n<li data-start=\"1379\" data-end=\"1460\">Alrededor de <strong data-start=\"1394\" data-end=\"1410\">468 calor\u00edas<\/strong> para mantener el super\u00e1vit, de manera moderada.<\/li>\n<li data-start=\"1461\" data-end=\"1580\"><strong data-start=\"1463\" data-end=\"1488\">72 g de carbohidratos<\/strong> y <strong data-start=\"1491\" data-end=\"1511\">18.5 g de BCAA\u2019s<\/strong>, \u00fatiles para reponer gluc\u00f3geno y estimular la recuperaci\u00f3n muscular.<\/li>\n<li data-start=\"1461\" data-end=\"1580\">16 servicios.<\/li>\n<\/ul>\n<p data-start=\"1582\" data-end=\"1647\"><strong data-start=\"1582\" data-end=\"1645\">3. Beneficios para el Crecimiento Muscular y el Rendimiento<\/strong><\/p>\n<ul data-start=\"1648\" data-end=\"2145\">\n<li data-start=\"1648\" data-end=\"1768\"><strong data-start=\"1650\" data-end=\"1672\">S\u00edntesis proteica:<\/strong> El alto contenido de amino\u00e1cidos esenciales y BCAA\u2019s favorece la creaci\u00f3n de tejido muscular.<\/li>\n<li data-start=\"1769\" data-end=\"1958\"><strong data-start=\"1771\" data-end=\"1798\">Recuperaci\u00f3n acelerada:<\/strong> Al proveer grandes cantidades de prote\u00edna y carbohidratos, tus m\u00fasculos se recuperan con mayor rapidez, reduciendo la fatiga entre sesiones de entrenamiento.<\/li>\n<li data-start=\"1959\" data-end=\"2145\"><strong data-start=\"1961\" data-end=\"1991\">M\u00e1s energ\u00eda y resistencia:<\/strong> El perfil cal\u00f3rico y de macronutrientes contribuye a reponer reservas energ\u00e9ticas, manteniendo un rendimiento elevado incluso en entrenamientos intensos.<\/li>\n<\/ul>\n<p data-start=\"2147\" data-end=\"2191\"><strong data-start=\"2147\" data-end=\"2189\">4. Casos de \u00c9xito<\/strong><\/p>\n<ul data-start=\"2192\" data-end=\"2827\">\n<li data-start=\"2192\" data-end=\"2365\"><strong data-start=\"2194\" data-end=\"2223\">Aumento de masa muscular:<\/strong> Usuarios que han integrado Mega Max a su plan nutricional reportan un crecimiento muscular m\u00e1s pronunciado en un per\u00edodo de 8 a 12 semanas.<\/li>\n<li data-start=\"2366\" data-end=\"2573\"><strong data-start=\"2368\" data-end=\"2403\">Mejora en fuerza y resistencia:<\/strong> Atletas y fisicoculturistas que siguen programas de entrenamiento de alta intensidad han percibido aumentos sostenidos en fuerza y una mejor capacidad de recuperaci\u00f3n a\u00f1adiendo las prote\u00ednas necesarias..<\/li>\n<li data-start=\"2574\" data-end=\"2827\"><strong data-start=\"2576\" data-end=\"2600\">Respaldo cient\u00edfico:<\/strong> Numerosos estudios indican que las dietas ricas en prote\u00ednas combinadas con un super\u00e1vit cal\u00f3rico controlado promueven mayores ganancias de masa muscular en comparaci\u00f3n con dietas hipocal\u00f3ricas o con menor porcentaje proteico.<\/li>\n<\/ul>\n<p data-start=\"2829\" data-end=\"3120\" data-is-last-node=\"\" data-is-only-node=\"\">En resumen, <strong data-start=\"2841\" data-end=\"2859\">Mega Max 6 lbs<\/strong> ofrece una estrategia nutricional robusta, adaptable a tus objetivos y respaldada por la evidencia de que un balance cal\u00f3rico positivo, combinado con un alto consumo de prote\u00ednas y BCAA\u2019s, favorece un crecimiento muscular acelerado y un mejor desempe\u00f1o f\u00edsico.<\/p>\n","protected":false},"excerpt":{"rendered":"<p>Mega Max 6 lbs es una prote\u00edna hipercal\u00f3rica dise\u00f1ada para quienes desean un incremento muscular acelerado y un f\u00edsico m\u00e1s grande. Cada servicio completo (2 scoops) ofrece <strong data-start=\"196\" data-end=\"216\">88 g de prote\u00edna<\/strong>, <strong data-start=\"218\" data-end=\"234\">937 calor\u00edas<\/strong>, <strong data-start=\"236\" data-end=\"262\">144 g de carbohidratos<\/strong> y <strong data-start=\"265\" data-end=\"283\" data-is-only-node=\"\">37 g de BCAA\u2019s<\/strong><\/p>\n","protected":false},"featured_media":2495,"comment_status":"open","ping_status":"closed","template":"","meta":{"_monsterinsights_skip_tracking":false,"_monsterinsights_sitenote_active":false,"_monsterinsights_sitenote_note":"","_monsterinsights_sitenote_category":0,"_uf_show_specific_survey":0,"_uf_disable_surveys":false},"etheme_brands":[],"product_cat":[39,30,29,36],"product_tag":[],"aioseo_notices":[],"yoast_head":"<!-- This site is optimized with the Yoast SEO plugin v21.1 - https:\/\/yoast.com\/wordpress\/plugins\/seo\/ -->\n<title>Prote\u00edna Mega Max Gainer de 6 libras - suplementosvitalfitness.com<\/title>\n<meta name=\"description\" content=\"Mega Max 6 lbs es una prote\u00edna hipercal\u00f3rica dise\u00f1ada para quienes desean un incremento muscular acelerado y un f\u00edsico m\u00e1s grande.\" \/>\n<meta name=\"robots\" content=\"index, follow, max-snippet:-1, max-image-preview:large, max-video-preview:-1\" \/>\n<link rel=\"canonical\" href=\"https:\/\/suplementosvitalfitness.com\/index.php\/product\/proteina-mega-max-gainer-de-6-libras\/\" \/>\n<meta property=\"og:locale\" content=\"es_ES\" \/>\n<meta property=\"og:type\" content=\"article\" \/>\n<meta property=\"og:title\" content=\"Prote\u00edna Mega Max Gainer de 6 libras - suplementosvitalfitness.com\" \/>\n<meta property=\"og:description\" content=\"Mega Max 6 lbs es una prote\u00edna hipercal\u00f3rica dise\u00f1ada para quienes desean un incremento muscular acelerado y un f\u00edsico m\u00e1s grande.\" \/>\n<meta property=\"og:url\" content=\"https:\/\/suplementosvitalfitness.com\/index.php\/product\/proteina-mega-max-gainer-de-6-libras\/\" \/>\n<meta property=\"og:site_name\" content=\"suplementosvitalfitness.com\" \/>\n<meta property=\"article:modified_time\" content=\"2026-02-24T22:47:35+00:00\" \/>\n<meta property=\"og:image\" content=\"http:\/\/suplementosvitalfitness.com\/wp-content\/uploads\/2024\/11\/MEGAMAX-GAINER-NEW.jpg\" \/>\n\t<meta property=\"og:image:width\" content=\"1200\" \/>\n\t<meta property=\"og:image:height\" content=\"1200\" \/>\n\t<meta property=\"og:image:type\" content=\"image\/jpeg\" \/>\n<meta name=\"twitter:card\" content=\"summary_large_image\" \/>\n<meta name=\"twitter:label1\" content=\"Tiempo estimado de lectura\" \/>\n\t<meta name=\"twitter:data1\" content=\"2 minutos\" \/>\n<script type=\"application\/ld+json\" class=\"yoast-schema-graph\">{\"@context\":\"https:\/\/schema.org\",\"@graph\":[{\"@type\":\"WebPage\",\"@id\":\"https:\/\/suplementosvitalfitness.com\/index.php\/product\/proteina-mega-max-gainer-de-6-libras\/\",\"url\":\"https:\/\/suplementosvitalfitness.com\/index.php\/product\/proteina-mega-max-gainer-de-6-libras\/\",\"name\":\"Prote\u00edna Mega Max Gainer de 6 libras - suplementosvitalfitness.com\",\"isPartOf\":{\"@id\":\"https:\/\/suplementosvitalfitness.com\/#website\"},\"datePublished\":\"2024-11-18T21:21:19+00:00\",\"dateModified\":\"2026-02-24T22:47:35+00:00\",\"description\":\"Mega Max 6 lbs es una prote\u00edna hipercal\u00f3rica dise\u00f1ada para quienes desean un incremento muscular acelerado y un f\u00edsico m\u00e1s grande.\",\"breadcrumb\":{\"@id\":\"https:\/\/suplementosvitalfitness.com\/index.php\/product\/proteina-mega-max-gainer-de-6-libras\/#breadcrumb\"},\"inLanguage\":\"es-CO\",\"potentialAction\":[{\"@type\":\"ReadAction\",\"target\":[\"https:\/\/suplementosvitalfitness.com\/index.php\/product\/proteina-mega-max-gainer-de-6-libras\/\"]}]},{\"@type\":\"BreadcrumbList\",\"@id\":\"https:\/\/suplementosvitalfitness.com\/index.php\/product\/proteina-mega-max-gainer-de-6-libras\/#breadcrumb\",\"itemListElement\":[{\"@type\":\"ListItem\",\"position\":1,\"name\":\"Inicio\",\"item\":\"https:\/\/suplementosvitalfitness.com\/\"},{\"@type\":\"ListItem\",\"position\":2,\"name\":\"Shop\",\"item\":\"https:\/\/suplementosvitalfitness.com\/index.php\/shop\/\"},{\"@type\":\"ListItem\",\"position\":3,\"name\":\"Prote\u00edna Mega Max Gainer de 6 libras\"}]},{\"@type\":\"WebSite\",\"@id\":\"https:\/\/suplementosvitalfitness.com\/#website\",\"url\":\"https:\/\/suplementosvitalfitness.com\/\",\"name\":\"suplementosvitalfitness.com\",\"description\":\"\",\"potentialAction\":[{\"@type\":\"SearchAction\",\"target\":{\"@type\":\"EntryPoint\",\"urlTemplate\":\"https:\/\/suplementosvitalfitness.com\/?s={search_term_string}\"},\"query-input\":\"required name=search_term_string\"}],\"inLanguage\":\"es-CO\"}]}<\/script>\n<!-- \/ Yoast SEO plugin. -->","yoast_head_json":{"title":"Prote\u00edna Mega Max Gainer de 6 libras - suplementosvitalfitness.com","description":"Mega Max 6 lbs es una prote\u00edna hipercal\u00f3rica dise\u00f1ada para quienes desean un incremento muscular acelerado y un f\u00edsico m\u00e1s grande.","robots":{"index":"index","follow":"follow","max-snippet":"max-snippet:-1","max-image-preview":"max-image-preview:large","max-video-preview":"max-video-preview:-1"},"canonical":"https:\/\/suplementosvitalfitness.com\/index.php\/product\/proteina-mega-max-gainer-de-6-libras\/","og_locale":"es_ES","og_type":"article","og_title":"Prote\u00edna Mega Max Gainer de 6 libras - suplementosvitalfitness.com","og_description":"Mega Max 6 lbs es una prote\u00edna hipercal\u00f3rica dise\u00f1ada para quienes desean un incremento muscular acelerado y un f\u00edsico m\u00e1s grande.","og_url":"https:\/\/suplementosvitalfitness.com\/index.php\/product\/proteina-mega-max-gainer-de-6-libras\/","og_site_name":"suplementosvitalfitness.com","article_modified_time":"2026-02-24T22:47:35+00:00","og_image":[{"width":1200,"height":1200,"url":"http:\/\/suplementosvitalfitness.com\/wp-content\/uploads\/2024\/11\/MEGAMAX-GAINER-NEW.jpg","type":"image\/jpeg"}],"twitter_card":"summary_large_image","twitter_misc":{"Tiempo estimado de lectura":"2 minutos"},"schema":{"@context":"https:\/\/schema.org","@graph":[{"@type":"WebPage","@id":"https:\/\/suplementosvitalfitness.com\/index.php\/product\/proteina-mega-max-gainer-de-6-libras\/","url":"https:\/\/suplementosvitalfitness.com\/index.php\/product\/proteina-mega-max-gainer-de-6-libras\/","name":"Prote\u00edna Mega Max Gainer de 6 libras - suplementosvitalfitness.com","isPartOf":{"@id":"https:\/\/suplementosvitalfitness.com\/#website"},"datePublished":"2024-11-18T21:21:19+00:00","dateModified":"2026-02-24T22:47:35+00:00","description":"Mega Max 6 lbs es una prote\u00edna hipercal\u00f3rica dise\u00f1ada para quienes desean un incremento muscular acelerado y un f\u00edsico m\u00e1s grande.","breadcrumb":{"@id":"https:\/\/suplementosvitalfitness.com\/index.php\/product\/proteina-mega-max-gainer-de-6-libras\/#breadcrumb"},"inLanguage":"es-CO","potentialAction":[{"@type":"ReadAction","target":["https:\/\/suplementosvitalfitness.com\/index.php\/product\/proteina-mega-max-gainer-de-6-libras\/"]}]},{"@type":"BreadcrumbList","@id":"https:\/\/suplementosvitalfitness.com\/index.php\/product\/proteina-mega-max-gainer-de-6-libras\/#breadcrumb","itemListElement":[{"@type":"ListItem","position":1,"name":"Inicio","item":"https:\/\/suplementosvitalfitness.com\/"},{"@type":"ListItem","position":2,"name":"Shop","item":"https:\/\/suplementosvitalfitness.com\/index.php\/shop\/"},{"@type":"ListItem","position":3,"name":"Prote\u00edna Mega Max Gainer de 6 libras"}]},{"@type":"WebSite","@id":"https:\/\/suplementosvitalfitness.com\/#website","url":"https:\/\/suplementosvitalfitness.com\/","name":"suplementosvitalfitness.com","description":"","potentialAction":[{"@type":"SearchAction","target":{"@type":"EntryPoint","urlTemplate":"https:\/\/suplementosvitalfitness.com\/?s={search_term_string}"},"query-input":"required name=search_term_string"}],"inLanguage":"es-CO"}]}},"_links":{"self":[{"href":"https:\/\/suplementosvitalfitness.com\/index.php\/wp-json\/wp\/v2\/product\/2439"}],"collection":[{"href":"https:\/\/suplementosvitalfitness.com\/index.php\/wp-json\/wp\/v2\/product"}],"about":[{"href":"https:\/\/suplementosvitalfitness.com\/index.php\/wp-json\/wp\/v2\/types\/product"}],"replies":[{"embeddable":true,"href":"https:\/\/suplementosvitalfitness.com\/index.php\/wp-json\/wp\/v2\/comments?post=2439"}],"version-history":[{"count":5,"href":"https:\/\/suplementosvitalfitness.com\/index.php\/wp-json\/wp\/v2\/product\/2439\/revisions"}],"predecessor-version":[{"id":2506,"href":"https:\/\/suplementosvitalfitness.com\/index.php\/wp-json\/wp\/v2\/product\/2439\/revisions\/2506"}],"wp:featuredmedia":[{"embeddable":true,"href":"https:\/\/suplementosvitalfitness.com\/index.php\/wp-json\/wp\/v2\/media\/2495"}],"wp:attachment":[{"href":"https:\/\/suplementosvitalfitness.com\/index.php\/wp-json\/wp\/v2\/media?parent=2439"}],"wp:term":[{"taxonomy":"brand","embeddable":true,"href":"https:\/\/suplementosvitalfitness.com\/index.php\/wp-json\/wp\/v2\/etheme_brands?post=2439"},{"taxonomy":"product_cat","embeddable":true,"href":"https:\/\/suplementosvitalfitness.com\/index.php\/wp-json\/wp\/v2\/product_cat?post=2439"},{"taxonomy":"product_tag","embeddable":true,"href":"https:\/\/suplementosvitalfitness.com\/index.php\/wp-json\/wp\/v2\/product_tag?post=2439"}],"curies":[{"name":"wp","href":"https:\/\/api.w.org\/{rel}","templated":true}]}}