{"id":2003,"date":"2023-07-12T19:06:14","date_gmt":"2023-07-13T00:06:14","guid":{"rendered":"https:\/\/suplementosvitalfitness.com\/?post_type=product&#038;p=2003"},"modified":"2023-09-14T20:12:06","modified_gmt":"2023-09-15T01:12:06","slug":"oferta-3-tarros-de-colagenos-marinos-incluye-obsequio-biotina","status":"publish","type":"product","link":"https:\/\/suplementosvitalfitness.com\/index.php\/product\/oferta-3-tarros-de-colagenos-marinos-incluye-obsequio-biotina\/","title":{"rendered":"Oferta 3 tarros de Col\u00e1genos Marinos incluye obsequio Biotina"},"content":{"rendered":"<p>OFERTA EN COMBO DE COL\u00c1GENO MARINO HIDROLIZADO DE VITALFITNESS<br \/>\nCada presentaci\u00f3n es de 500 gramos para un total de 30 servicios o tomas.<br \/>\nSu contenido de COL\u00c1GENO MARINO HIDROLIZADO ES DE 20.000 MG.<\/p>\n<p>LLEVA 3 COL\u00c1GENO HIDROLIZADO MARINO Y GRATIS 1 TARRO DE BIOTINA ADEMAS DE UN PRODUCTO ADICIONAL DE OBSEQUIO.<\/p>\n<p>REGISTRO INVIMA: RSA-0019513-2022 COL\u00c1GENO MARINO HIDROLIZADO<\/p>\n<p>Con el paso de los a\u00f1os, nuestra dermis va perdiendo col\u00e1geno natural y eso provoca la aparici\u00f3n de estas l\u00edneas de expresi\u00f3n. El col\u00e1geno marino es un potente ingrediente para reafirmar la piel y lucirla tersa y bonita.<\/p>\n<p>Nuestro Col\u00e1geno Marino no contiene MALTODEXTRINA como otros col\u00e1genos del mercado. Est\u00e1 hecho a base de prote\u00edna hidrolizada de suero de leche una de las prote\u00ednas de mayor aporte biol\u00f3gico de nutrientes, Col\u00e1geno Hidrolizado Marino enriquecido con Calcio, Magnesio t Vitamina D. Adem\u00e1s de un rico y delicioso sabor COOKIES AND CREAM.<\/p>\n<p>PROPIEDADES DE NUESTRO COL\u00c1GENO MARINO HIDROLIZADO DE VITALFITNESS<br \/>\n-Mejora la elasticidad de la piel<br \/>\n-Aporta firmeza, combatiendo la flacidez<br \/>\n-Regenera nuestra piel, devolvi\u00e9ndole la fuerza a la dermis<br \/>\n-Hidrata y nutre en profundidad<br \/>\n-Retrasa el envejecimiento cut\u00e1neo<\/p>\n<p>El col\u00e1geno marino est\u00e1 muy recomendado sobre todo en pieles en las que se empiece a notar la p\u00e9rdida de firmeza ya que, como es sabido, tiene un efecto lifting que tensa la piel. Adem\u00e1s, promueve la regeneraci\u00f3n de nuestro propio col\u00e1geno y la renovaci\u00f3n de tejidos, dando como resultado una piel mucho m\u00e1s sedosa y el\u00e1stica.<\/p>\n","protected":false},"excerpt":{"rendered":"<p>LLEVA 3 COL\u00c1GENO HIDROLIZADO MARINO Y GRATIS 1 TARRO DE BIOTINA ADEMAS DE UN PRODUCTO ADICIONAL DE OBSEQUIO.<\/p>\n<p>REGISTRO INVIMA: RSA-0019513-2022 COL\u00c1GENO MARINO HIDROLIZADO<\/p>\n","protected":false},"featured_media":2004,"comment_status":"open","ping_status":"closed","template":"","meta":{"_monsterinsights_skip_tracking":false,"_monsterinsights_sitenote_active":false,"_monsterinsights_sitenote_note":"","_monsterinsights_sitenote_category":0,"_uf_show_specific_survey":0,"_uf_disable_surveys":false},"etheme_brands":[],"product_cat":[39,30,34],"product_tag":[],"aioseo_notices":[],"yoast_head":"<!-- This site is optimized with the Yoast SEO plugin v21.1 - https:\/\/yoast.com\/wordpress\/plugins\/seo\/ -->\n<title>Oferta 3 tarros de Col\u00e1genos Marinos incluye obsequio Biotina - suplementosvitalfitness.com<\/title>\n<meta name=\"robots\" content=\"index, follow, max-snippet:-1, max-image-preview:large, max-video-preview:-1\" \/>\n<link rel=\"canonical\" href=\"https:\/\/suplementosvitalfitness.com\/index.php\/product\/oferta-3-tarros-de-colagenos-marinos-incluye-obsequio-biotina\/\" \/>\n<meta property=\"og:locale\" content=\"es_ES\" \/>\n<meta property=\"og:type\" content=\"article\" \/>\n<meta property=\"og:title\" content=\"Oferta 3 tarros de Col\u00e1genos Marinos incluye obsequio Biotina - suplementosvitalfitness.com\" \/>\n<meta property=\"og:description\" content=\"LLEVA 3 COL\u00c1GENO HIDROLIZADO MARINO Y GRATIS 1 TARRO DE BIOTINA ADEMAS DE UN PRODUCTO ADICIONAL DE OBSEQUIO.  REGISTRO INVIMA: RSA-0019513-2022 COL\u00c1GENO MARINO HIDROLIZADO\" \/>\n<meta property=\"og:url\" content=\"https:\/\/suplementosvitalfitness.com\/index.php\/product\/oferta-3-tarros-de-colagenos-marinos-incluye-obsequio-biotina\/\" \/>\n<meta property=\"og:site_name\" content=\"suplementosvitalfitness.com\" \/>\n<meta property=\"article:modified_time\" content=\"2023-09-15T01:12:06+00:00\" \/>\n<meta property=\"og:image\" content=\"http:\/\/suplementosvitalfitness.com\/wp-content\/uploads\/2023\/07\/combo-colganeo-biotina.jpg\" \/>\n\t<meta property=\"og:image:width\" content=\"1200\" \/>\n\t<meta property=\"og:image:height\" content=\"1200\" \/>\n\t<meta property=\"og:image:type\" content=\"image\/jpeg\" \/>\n<meta name=\"twitter:card\" content=\"summary_large_image\" \/>\n<meta name=\"twitter:label1\" content=\"Tiempo estimado de lectura\" \/>\n\t<meta name=\"twitter:data1\" content=\"2 minutos\" \/>\n<script type=\"application\/ld+json\" class=\"yoast-schema-graph\">{\"@context\":\"https:\/\/schema.org\",\"@graph\":[{\"@type\":\"WebPage\",\"@id\":\"https:\/\/suplementosvitalfitness.com\/index.php\/product\/oferta-3-tarros-de-colagenos-marinos-incluye-obsequio-biotina\/\",\"url\":\"https:\/\/suplementosvitalfitness.com\/index.php\/product\/oferta-3-tarros-de-colagenos-marinos-incluye-obsequio-biotina\/\",\"name\":\"Oferta 3 tarros de Col\u00e1genos Marinos incluye obsequio Biotina - suplementosvitalfitness.com\",\"isPartOf\":{\"@id\":\"https:\/\/suplementosvitalfitness.com\/#website\"},\"datePublished\":\"2023-07-13T00:06:14+00:00\",\"dateModified\":\"2023-09-15T01:12:06+00:00\",\"breadcrumb\":{\"@id\":\"https:\/\/suplementosvitalfitness.com\/index.php\/product\/oferta-3-tarros-de-colagenos-marinos-incluye-obsequio-biotina\/#breadcrumb\"},\"inLanguage\":\"es-CO\",\"potentialAction\":[{\"@type\":\"ReadAction\",\"target\":[\"https:\/\/suplementosvitalfitness.com\/index.php\/product\/oferta-3-tarros-de-colagenos-marinos-incluye-obsequio-biotina\/\"]}]},{\"@type\":\"BreadcrumbList\",\"@id\":\"https:\/\/suplementosvitalfitness.com\/index.php\/product\/oferta-3-tarros-de-colagenos-marinos-incluye-obsequio-biotina\/#breadcrumb\",\"itemListElement\":[{\"@type\":\"ListItem\",\"position\":1,\"name\":\"Inicio\",\"item\":\"https:\/\/suplementosvitalfitness.com\/\"},{\"@type\":\"ListItem\",\"position\":2,\"name\":\"Shop\",\"item\":\"https:\/\/suplementosvitalfitness.com\/index.php\/shop\/\"},{\"@type\":\"ListItem\",\"position\":3,\"name\":\"Oferta 3 tarros de Col\u00e1genos Marinos incluye obsequio Biotina\"}]},{\"@type\":\"WebSite\",\"@id\":\"https:\/\/suplementosvitalfitness.com\/#website\",\"url\":\"https:\/\/suplementosvitalfitness.com\/\",\"name\":\"suplementosvitalfitness.com\",\"description\":\"\",\"potentialAction\":[{\"@type\":\"SearchAction\",\"target\":{\"@type\":\"EntryPoint\",\"urlTemplate\":\"https:\/\/suplementosvitalfitness.com\/?s={search_term_string}\"},\"query-input\":\"required name=search_term_string\"}],\"inLanguage\":\"es-CO\"}]}<\/script>\n<!-- \/ Yoast SEO plugin. -->","yoast_head_json":{"title":"Oferta 3 tarros de Col\u00e1genos Marinos incluye obsequio Biotina - suplementosvitalfitness.com","robots":{"index":"index","follow":"follow","max-snippet":"max-snippet:-1","max-image-preview":"max-image-preview:large","max-video-preview":"max-video-preview:-1"},"canonical":"https:\/\/suplementosvitalfitness.com\/index.php\/product\/oferta-3-tarros-de-colagenos-marinos-incluye-obsequio-biotina\/","og_locale":"es_ES","og_type":"article","og_title":"Oferta 3 tarros de Col\u00e1genos Marinos incluye obsequio Biotina - suplementosvitalfitness.com","og_description":"LLEVA 3 COL\u00c1GENO HIDROLIZADO MARINO Y GRATIS 1 TARRO DE BIOTINA ADEMAS DE UN PRODUCTO ADICIONAL DE OBSEQUIO.  REGISTRO INVIMA: RSA-0019513-2022 COL\u00c1GENO MARINO HIDROLIZADO","og_url":"https:\/\/suplementosvitalfitness.com\/index.php\/product\/oferta-3-tarros-de-colagenos-marinos-incluye-obsequio-biotina\/","og_site_name":"suplementosvitalfitness.com","article_modified_time":"2023-09-15T01:12:06+00:00","og_image":[{"width":1200,"height":1200,"url":"http:\/\/suplementosvitalfitness.com\/wp-content\/uploads\/2023\/07\/combo-colganeo-biotina.jpg","type":"image\/jpeg"}],"twitter_card":"summary_large_image","twitter_misc":{"Tiempo estimado de lectura":"2 minutos"},"schema":{"@context":"https:\/\/schema.org","@graph":[{"@type":"WebPage","@id":"https:\/\/suplementosvitalfitness.com\/index.php\/product\/oferta-3-tarros-de-colagenos-marinos-incluye-obsequio-biotina\/","url":"https:\/\/suplementosvitalfitness.com\/index.php\/product\/oferta-3-tarros-de-colagenos-marinos-incluye-obsequio-biotina\/","name":"Oferta 3 tarros de Col\u00e1genos Marinos incluye obsequio Biotina - suplementosvitalfitness.com","isPartOf":{"@id":"https:\/\/suplementosvitalfitness.com\/#website"},"datePublished":"2023-07-13T00:06:14+00:00","dateModified":"2023-09-15T01:12:06+00:00","breadcrumb":{"@id":"https:\/\/suplementosvitalfitness.com\/index.php\/product\/oferta-3-tarros-de-colagenos-marinos-incluye-obsequio-biotina\/#breadcrumb"},"inLanguage":"es-CO","potentialAction":[{"@type":"ReadAction","target":["https:\/\/suplementosvitalfitness.com\/index.php\/product\/oferta-3-tarros-de-colagenos-marinos-incluye-obsequio-biotina\/"]}]},{"@type":"BreadcrumbList","@id":"https:\/\/suplementosvitalfitness.com\/index.php\/product\/oferta-3-tarros-de-colagenos-marinos-incluye-obsequio-biotina\/#breadcrumb","itemListElement":[{"@type":"ListItem","position":1,"name":"Inicio","item":"https:\/\/suplementosvitalfitness.com\/"},{"@type":"ListItem","position":2,"name":"Shop","item":"https:\/\/suplementosvitalfitness.com\/index.php\/shop\/"},{"@type":"ListItem","position":3,"name":"Oferta 3 tarros de Col\u00e1genos Marinos incluye obsequio Biotina"}]},{"@type":"WebSite","@id":"https:\/\/suplementosvitalfitness.com\/#website","url":"https:\/\/suplementosvitalfitness.com\/","name":"suplementosvitalfitness.com","description":"","potentialAction":[{"@type":"SearchAction","target":{"@type":"EntryPoint","urlTemplate":"https:\/\/suplementosvitalfitness.com\/?s={search_term_string}"},"query-input":"required name=search_term_string"}],"inLanguage":"es-CO"}]}},"_links":{"self":[{"href":"https:\/\/suplementosvitalfitness.com\/index.php\/wp-json\/wp\/v2\/product\/2003"}],"collection":[{"href":"https:\/\/suplementosvitalfitness.com\/index.php\/wp-json\/wp\/v2\/product"}],"about":[{"href":"https:\/\/suplementosvitalfitness.com\/index.php\/wp-json\/wp\/v2\/types\/product"}],"replies":[{"embeddable":true,"href":"https:\/\/suplementosvitalfitness.com\/index.php\/wp-json\/wp\/v2\/comments?post=2003"}],"version-history":[{"count":1,"href":"https:\/\/suplementosvitalfitness.com\/index.php\/wp-json\/wp\/v2\/product\/2003\/revisions"}],"predecessor-version":[{"id":2005,"href":"https:\/\/suplementosvitalfitness.com\/index.php\/wp-json\/wp\/v2\/product\/2003\/revisions\/2005"}],"wp:featuredmedia":[{"embeddable":true,"href":"https:\/\/suplementosvitalfitness.com\/index.php\/wp-json\/wp\/v2\/media\/2004"}],"wp:attachment":[{"href":"https:\/\/suplementosvitalfitness.com\/index.php\/wp-json\/wp\/v2\/media?parent=2003"}],"wp:term":[{"taxonomy":"brand","embeddable":true,"href":"https:\/\/suplementosvitalfitness.com\/index.php\/wp-json\/wp\/v2\/etheme_brands?post=2003"},{"taxonomy":"product_cat","embeddable":true,"href":"https:\/\/suplementosvitalfitness.com\/index.php\/wp-json\/wp\/v2\/product_cat?post=2003"},{"taxonomy":"product_tag","embeddable":true,"href":"https:\/\/suplementosvitalfitness.com\/index.php\/wp-json\/wp\/v2\/product_tag?post=2003"}],"curies":[{"name":"wp","href":"https:\/\/api.w.org\/{rel}","templated":true}]}}